{"id":6221,"date":"2022-09-08T08:11:45","date_gmt":"2022-09-08T05:11:45","guid":{"rendered":"https:\/\/mystifying-hoover.185-55-84-196.plesk.page\/?page_id=6221"},"modified":"2023-07-14T14:21:56","modified_gmt":"2023-07-14T11:21:56","slug":"medika","status":"publish","type":"page","link":"https:\/\/mainoslahde.fi\/en\/references\/medika\/","title":{"rendered":"Medika"},"content":{"rendered":"\t<div id=\"gap-506567947\" class=\"gap-element clearfix\" style=\"display:block; height:auto;\">\n\t\t\n<style>\n#gap-506567947 {\n  padding-top: 20px;\n}\n@media (min-width:550px) {\n  #gap-506567947 {\n    padding-top: 40px;\n  }\n}\n@media (min-width:850px) {\n  #gap-506567947 {\n    padding-top: 60px;\n  }\n}\n<\/style>\n\t<\/div>\n\t\n<div class=\"row align-center\"  id=\"row-56322253\">\n\n\t<div id=\"col-1998665753\" class=\"col medium-10 small-12 large-10\"  >\n\t\t\t\t<div class=\"col-inner\"  >\n\t\t\t\n\t\t\t\n\t<div id=\"text-3002605850\" class=\"text\">\n\t\t\n<h1 class=\"uppercase space-x-200\">MEDIKA MEDICAL SERVICES<\/h1>\n<p>Medika L\u00e4\u00e4k\u00e4ripalvelut has been offering high-quality private general and specialist medical services since 1990. We renewed Medika&#8217;s brand look and made the website suitable for modern times and needs.<\/p>\n\t\t\n<style>\n#text-3002605850 {\n  font-size: 1.25rem;\n  line-height: 1.25;\n  text-align: center;\n}\n@media (min-width:550px) {\n  #text-3002605850 {\n    font-size: 1rem;\n    line-height: 1.5;\n  }\n}\n<\/style>\n\t<\/div>\n\t\n\t<div id=\"gap-962835956\" class=\"gap-element clearfix\" style=\"display:block; height:auto;\">\n\t\t\n<style>\n#gap-962835956 {\n  padding-top: 30px;\n}\n<\/style>\n\t<\/div>\n\t\n\t<div class=\"img has-hover x md-x lg-x y md-y lg-y\" id=\"image_1877676434\">\n\t\t\t\t\t\t\t\t<div class=\"img-inner dark\" >\n\t\t\t<img loading=\"lazy\" decoding=\"async\" width=\"1024\" height=\"576\" src=\"https:\/\/mainoslahde.fi\/wp-content\/uploads\/medika_refe_kansi-1.jpg\" class=\"attachment-original size-original\" alt=\"\" srcset=\"https:\/\/mainoslahde.fi\/wp-content\/uploads\/medika_refe_kansi-1.jpg 1024w, https:\/\/mainoslahde.fi\/wp-content\/uploads\/medika_refe_kansi-1-600x338.jpg 600w\" sizes=\"auto, (max-width: 1024px) 100vw, 1024px\" \/>\t\t\t\t\t\t\n\t\t\t\t\t<\/div>\n\t\t\t\t\t\t\t\t\n<style>\n#image_1877676434 {\n  width: 100%;\n}\n<\/style>\n\t<\/div>\n\t\n\t<div class=\"img has-hover x md-x lg-x y md-y lg-y\" id=\"image_44969741\">\n\t\t\t\t\t\t\t\t<div class=\"img-inner dark\" >\n\t\t\t<img loading=\"lazy\" decoding=\"async\" width=\"1920\" height=\"1655\" src=\"https:\/\/mainoslahde.fi\/wp-content\/uploads\/refe_medika_02_www_laakari.jpg\" class=\"attachment-original size-original\" alt=\"\" srcset=\"https:\/\/mainoslahde.fi\/wp-content\/uploads\/refe_medika_02_www_laakari.jpg 1920w, https:\/\/mainoslahde.fi\/wp-content\/uploads\/refe_medika_02_www_laakari-600x517.jpg 600w\" sizes=\"auto, (max-width: 1920px) 100vw, 1920px\" \/>\t\t\t\t\t\t\n\t\t\t\t\t<\/div>\n\t\t\t\t\t\t\t\t\n<style>\n#image_44969741 {\n  width: 100%;\n}\n<\/style>\n\t<\/div>\n\t\n\t<div class=\"img has-hover x md-x lg-x y md-y lg-y\" id=\"image_727655088\">\n\t\t\t\t\t\t\t\t<div class=\"img-inner dark\" >\n\t\t\t<img loading=\"lazy\" decoding=\"async\" width=\"1920\" height=\"398\" src=\"https:\/\/mainoslahde.fi\/wp-content\/uploads\/refe_medika_01_logo.jpg\" class=\"attachment-original size-original\" alt=\"\" srcset=\"https:\/\/mainoslahde.fi\/wp-content\/uploads\/refe_medika_01_logo.jpg 1920w, https:\/\/mainoslahde.fi\/wp-content\/uploads\/refe_medika_01_logo-600x124.jpg 600w\" sizes=\"auto, (max-width: 1920px) 100vw, 1920px\" \/>\t\t\t\t\t\t\n\t\t\t\t\t<\/div>\n\t\t\t\t\t\t\t\t\n<style>\n#image_727655088 {\n  width: 100%;\n}\n<\/style>\n\t<\/div>\n\t\n\t<div class=\"img has-hover x md-x lg-x y md-y lg-y\" id=\"image_1993847114\">\n\t\t\t\t\t\t\t\t<div class=\"img-inner dark\" >\n\t\t\t<img loading=\"lazy\" decoding=\"async\" width=\"1920\" height=\"1655\" src=\"https:\/\/mainoslahde.fi\/wp-content\/uploads\/refe_medika_03_www_tt.jpg\" class=\"attachment-original size-original\" alt=\"\" srcset=\"https:\/\/mainoslahde.fi\/wp-content\/uploads\/refe_medika_03_www_tt.jpg 1920w, https:\/\/mainoslahde.fi\/wp-content\/uploads\/refe_medika_03_www_tt-600x517.jpg 600w\" sizes=\"auto, (max-width: 1920px) 100vw, 1920px\" \/>\t\t\t\t\t\t\n\t\t\t\t\t<\/div>\n\t\t\t\t\t\t\t\t\n<style>\n#image_1993847114 {\n  width: 100%;\n}\n<\/style>\n\t<\/div>\n\t\n\t\t<\/div>\n\t\t\t\t\t<\/div>\n\n\t\n<\/div>\n\t<div id=\"gap-2125004205\" class=\"gap-element clearfix\" style=\"display:block; height:auto;\">\n\t\t\n<style>\n#gap-2125004205 {\n  padding-top: 20px;\n}\n@media (min-width:550px) {\n  #gap-2125004205 {\n    padding-top: 40px;\n  }\n}\n@media (min-width:850px) {\n  #gap-2125004205 {\n    padding-top: 60px;\n  }\n}\n<\/style>\n\t<\/div>\n\t\r\n\r\n<div class=\"row align-center\"  id=\"row-1767707420\">\r\n\r\n\n\t<div id=\"col-1410118930\" class=\"col medium-10 small-12 large-10\"  >\n\t\t\t\t<div class=\"col-inner text-center\"  >\n\t\t\t\n\t\t\t\r\n<h3 class=\"uppercase space-x-200\">See More<\/h3>\r\n<div class=\"slider-wrapper relative\" id=\"slider-1851624980\" >\n    <div class=\"slider slider-nav-simple slider-nav-large slider-nav-dark slider-nav-outside slider-style-shadow slider-show-nav\"\n        data-flickity-options='{\n            \"cellAlign\": \"center\",\n            \"imagesLoaded\": true,\n            \"lazyLoad\": 1,\n            \"freeScroll\": true,\n            \"wrapAround\": true,\n            \"autoPlay\": 4000,\n            \"pauseAutoPlayOnHover\" : false,\n            \"prevNextButtons\": true,\n            \"contain\" : true,\n            \"adaptiveHeight\" : true,\n            \"dragThreshold\" : 10,\n            \"percentPosition\": true,\n            \"pageDots\": false,\n            \"rightToLeft\": false,\n            \"draggable\": true,\n            \"selectedAttraction\": 0.1,\n            \"parallax\" : 0,\n            \"friction\": 0.6        }'\n        >\n        \r\n\r\n\t<div class=\"img has-hover x md-x lg-x y md-y lg-y\" id=\"image_910566861\">\n\t\t<a class=\"\" href=\"https:\/\/mainoslahde.fi\/en\/references\/applirent\/\" >\t\t\t\t\t\t<div class=\"img-inner dark\" >\n\t\t\t<img loading=\"lazy\" decoding=\"async\" width=\"1024\" height=\"576\" src=\"https:\/\/mainoslahde.fi\/wp-content\/uploads\/referenssi_applirent.jpg\" class=\"attachment-large size-large\" alt=\"\" srcset=\"https:\/\/mainoslahde.fi\/wp-content\/uploads\/referenssi_applirent.jpg 1024w, https:\/\/mainoslahde.fi\/wp-content\/uploads\/referenssi_applirent-600x338.jpg 600w\" sizes=\"auto, (max-width: 1024px) 100vw, 1024px\" \/>\t\t\t\t\t\t\n\t\t\t\t\t<\/div>\n\t\t\t\t\t\t<\/a>\t\t\n<style>\n#image_910566861 {\n  width: 100%;\n}\n<\/style>\n\t<\/div>\n\t\r\n\r\n\t<div class=\"img has-hover x md-x lg-x y md-y lg-y\" id=\"image_1580133270\">\n\t\t<a class=\"\" href=\"https:\/\/mainoslahde.fi\/en\/references\/jalonhelmi\/\" >\t\t\t\t\t\t<div class=\"img-inner dark\" >\n\t\t\t<img loading=\"lazy\" decoding=\"async\" width=\"1024\" height=\"576\" src=\"https:\/\/mainoslahde.fi\/wp-content\/uploads\/referenssi_jalonhelmi.jpg\" class=\"attachment-large size-large\" alt=\"\" srcset=\"https:\/\/mainoslahde.fi\/wp-content\/uploads\/referenssi_jalonhelmi.jpg 1024w, https:\/\/mainoslahde.fi\/wp-content\/uploads\/referenssi_jalonhelmi-600x338.jpg 600w\" sizes=\"auto, (max-width: 1024px) 100vw, 1024px\" \/>\t\t\t\t\t\t\n\t\t\t\t\t<\/div>\n\t\t\t\t\t\t<\/a>\t\t\n<style>\n#image_1580133270 {\n  width: 100%;\n}\n<\/style>\n\t<\/div>\n\t\r\n\r\n\t<div class=\"img has-hover x md-x lg-x y md-y lg-y\" id=\"image_410815030\">\n\t\t<a class=\"\" href=\"https:\/\/mainoslahde.fi\/en\/references\/kala-lappi\/\" >\t\t\t\t\t\t<div class=\"img-inner dark\" >\n\t\t\t<img loading=\"lazy\" decoding=\"async\" width=\"774\" height=\"435\" src=\"https:\/\/mainoslahde.fi\/wp-content\/uploads\/referenssi-kala-lappi.png\" class=\"attachment-large size-large\" alt=\"\" srcset=\"https:\/\/mainoslahde.fi\/wp-content\/uploads\/referenssi-kala-lappi.png 774w, https:\/\/mainoslahde.fi\/wp-content\/uploads\/referenssi-kala-lappi-600x337.png 600w\" sizes=\"auto, (max-width: 774px) 100vw, 774px\" \/>\t\t\t\t\t\t\n\t\t\t\t\t<\/div>\n\t\t\t\t\t\t<\/a>\t\t\n<style>\n#image_410815030 {\n  width: 100%;\n}\n<\/style>\n\t<\/div>\n\t\r\n\r\n\t<div class=\"img has-hover x md-x lg-x y md-y lg-y\" id=\"image_430839541\">\n\t\t<a class=\"\" href=\"https:\/\/mainoslahde.fi\/en\/references\/sotkamon-kunta\/\" >\t\t\t\t\t\t<div class=\"img-inner dark\" >\n\t\t\t<img loading=\"lazy\" decoding=\"async\" width=\"774\" height=\"435\" src=\"https:\/\/mainoslahde.fi\/wp-content\/uploads\/referenssi-sotkamo.png\" class=\"attachment-large size-large\" alt=\"\" srcset=\"https:\/\/mainoslahde.fi\/wp-content\/uploads\/referenssi-sotkamo.png 774w, https:\/\/mainoslahde.fi\/wp-content\/uploads\/referenssi-sotkamo-600x337.png 600w\" sizes=\"auto, (max-width: 774px) 100vw, 774px\" \/>\t\t\t\t\t\t\n\t\t\t\t\t<\/div>\n\t\t\t\t\t\t<\/a>\t\t\n<style>\n#image_430839541 {\n  width: 100%;\n}\n<\/style>\n\t<\/div>\n\t\r\n\r\n\t<div class=\"img has-hover x md-x lg-x y md-y lg-y\" id=\"image_1698577226\">\n\t\t<a class=\"\" href=\"https:\/\/mainoslahde.fi\/en\/references\/kainuunmeren-tyoterveys\/\" >\t\t\t\t\t\t<div class=\"img-inner dark\" >\n\t\t\t<img loading=\"lazy\" decoding=\"async\" width=\"774\" height=\"435\" src=\"https:\/\/mainoslahde.fi\/wp-content\/uploads\/referenssi-kainuunmeren-tyoterveys.png\" class=\"attachment-large size-large\" alt=\"\" srcset=\"https:\/\/mainoslahde.fi\/wp-content\/uploads\/referenssi-kainuunmeren-tyoterveys.png 774w, https:\/\/mainoslahde.fi\/wp-content\/uploads\/referenssi-kainuunmeren-tyoterveys-600x337.png 600w\" sizes=\"auto, (max-width: 774px) 100vw, 774px\" \/>\t\t\t\t\t\t\n\t\t\t\t\t<\/div>\n\t\t\t\t\t\t<\/a>\t\t\n<style>\n#image_1698577226 {\n  width: 100%;\n}\n<\/style>\n\t<\/div>\n\t\r\n\r\n\t<div class=\"img has-hover x md-x lg-x y md-y lg-y\" id=\"image_1940307292\">\n\t\t<a class=\"\" href=\"https:\/\/mainoslahde.fi\/en\/references\/valkoliekki\/\" >\t\t\t\t\t\t<div class=\"img-inner dark\" >\n\t\t\t<img loading=\"lazy\" decoding=\"async\" width=\"1024\" height=\"576\" src=\"https:\/\/mainoslahde.fi\/wp-content\/uploads\/referenssi-valkoleikki.jpg\" class=\"attachment-large size-large\" alt=\"\" srcset=\"https:\/\/mainoslahde.fi\/wp-content\/uploads\/referenssi-valkoleikki.jpg 1024w, https:\/\/mainoslahde.fi\/wp-content\/uploads\/referenssi-valkoleikki-600x338.jpg 600w\" sizes=\"auto, (max-width: 1024px) 100vw, 1024px\" \/>\t\t\t\t\t\t\n\t\t\t\t\t<\/div>\n\t\t\t\t\t\t<\/a>\t\t\n<style>\n#image_1940307292 {\n  width: 100%;\n}\n<\/style>\n\t<\/div>\n\t\r\n\r\n\t<div class=\"img has-hover x md-x lg-x y md-y lg-y\" id=\"image_877114662\">\n\t\t<a class=\"\" href=\"https:\/\/mainoslahde.fi\/en\/references\/the-great-escape\/\" >\t\t\t\t\t\t<div class=\"img-inner dark\" >\n\t\t\t<img loading=\"lazy\" decoding=\"async\" width=\"1024\" height=\"576\" src=\"https:\/\/mainoslahde.fi\/wp-content\/uploads\/referenssi-the-great-escape.jpg\" class=\"attachment-large size-large\" alt=\"\" srcset=\"https:\/\/mainoslahde.fi\/wp-content\/uploads\/referenssi-the-great-escape.jpg 1024w, https:\/\/mainoslahde.fi\/wp-content\/uploads\/referenssi-the-great-escape-600x338.jpg 600w\" sizes=\"auto, (max-width: 1024px) 100vw, 1024px\" \/>\t\t\t\t\t\t\n\t\t\t\t\t<\/div>\n\t\t\t\t\t\t<\/a>\t\t\n<style>\n#image_877114662 {\n  width: 100%;\n}\n<\/style>\n\t<\/div>\n\t\r\n\r\n\t<div class=\"img has-hover x md-x lg-x y md-y lg-y\" id=\"image_1863470635\">\n\t\t<a class=\"\" href=\"https:\/\/mainoslahde.fi\/en\/references\/mkp-huusko\/\" >\t\t\t\t\t\t<div class=\"img-inner dark\" >\n\t\t\t<img loading=\"lazy\" decoding=\"async\" width=\"1024\" height=\"576\" src=\"https:\/\/mainoslahde.fi\/wp-content\/uploads\/referenssi-mkp-huusko.jpg\" class=\"attachment-large size-large\" alt=\"\" srcset=\"https:\/\/mainoslahde.fi\/wp-content\/uploads\/referenssi-mkp-huusko.jpg 1024w, https:\/\/mainoslahde.fi\/wp-content\/uploads\/referenssi-mkp-huusko-600x338.jpg 600w\" sizes=\"auto, (max-width: 1024px) 100vw, 1024px\" \/>\t\t\t\t\t\t\n\t\t\t\t\t<\/div>\n\t\t\t\t\t\t<\/a>\t\t\n<style>\n#image_1863470635 {\n  width: 100%;\n}\n<\/style>\n\t<\/div>\n\t\r\n\r\n\t<div class=\"img has-hover x md-x lg-x y md-y lg-y\" id=\"image_870118427\">\n\t\t<a class=\"\" href=\"https:\/\/mainoslahde.fi\/en\/references\/kainuu-four-seansons-film-festival\/\" >\t\t\t\t\t\t<div class=\"img-inner dark\" >\n\t\t\t<img loading=\"lazy\" decoding=\"async\" width=\"776\" height=\"437\" src=\"https:\/\/mainoslahde.fi\/wp-content\/uploads\/referenssi-kainuu-four-seasons-film-festival.png\" class=\"attachment-large size-large\" alt=\"\" srcset=\"https:\/\/mainoslahde.fi\/wp-content\/uploads\/referenssi-kainuu-four-seasons-film-festival.png 776w, https:\/\/mainoslahde.fi\/wp-content\/uploads\/referenssi-kainuu-four-seasons-film-festival-600x338.png 600w\" sizes=\"auto, (max-width: 776px) 100vw, 776px\" \/>\t\t\t\t\t\t\n\t\t\t\t\t<\/div>\n\t\t\t\t\t\t<\/a>\t\t\n<style>\n#image_870118427 {\n  width: 100%;\n}\n<\/style>\n\t<\/div>\n\t\r\n\r\n\t<div class=\"img has-hover x md-x lg-x y md-y lg-y\" id=\"image_835938315\">\n\t\t<a class=\"\" href=\"https:\/\/mainoslahde.fi\/en\/references\/hossa\/\" >\t\t\t\t\t\t<div class=\"img-inner dark\" >\n\t\t\t<img loading=\"lazy\" decoding=\"async\" width=\"774\" height=\"435\" src=\"https:\/\/mainoslahde.fi\/wp-content\/uploads\/referenssi-hossa.png\" class=\"attachment-large size-large\" alt=\"\" srcset=\"https:\/\/mainoslahde.fi\/wp-content\/uploads\/referenssi-hossa.png 774w, https:\/\/mainoslahde.fi\/wp-content\/uploads\/referenssi-hossa-600x337.png 600w, https:\/\/mainoslahde.fi\/wp-content\/uploads\/referenssi-hossa-768x432.png 768w\" sizes=\"auto, (max-width: 774px) 100vw, 774px\" \/>\t\t\t\t\t\t\n\t\t\t\t\t<\/div>\n\t\t\t\t\t\t<\/a>\t\t\n<style>\n#image_835938315 {\n  width: 100%;\n}\n<\/style>\n\t<\/div>\n\t\r\n\r\n\t<div class=\"img has-hover x md-x lg-x y md-y lg-y\" id=\"image_1789610363\">\n\t\t<a class=\"\" href=\"https:\/\/mainoslahde.fi\/en\/references\/hossa-kylmaluoma\/\" >\t\t\t\t\t\t<div class=\"img-inner dark\" >\n\t\t\t<img loading=\"lazy\" decoding=\"async\" width=\"774\" height=\"435\" src=\"https:\/\/mainoslahde.fi\/wp-content\/uploads\/referenssi-hossa-kylmaluoma.png\" class=\"attachment-large size-large\" alt=\"\" srcset=\"https:\/\/mainoslahde.fi\/wp-content\/uploads\/referenssi-hossa-kylmaluoma.png 774w, https:\/\/mainoslahde.fi\/wp-content\/uploads\/referenssi-hossa-kylmaluoma-600x337.png 600w\" sizes=\"auto, (max-width: 774px) 100vw, 774px\" \/>\t\t\t\t\t\t\n\t\t\t\t\t<\/div>\n\t\t\t\t\t\t<\/a>\t\t\n<style>\n#image_1789610363 {\n  width: 100%;\n}\n<\/style>\n\t<\/div>\n\t\r\n\r\n\t<div class=\"img has-hover x md-x lg-x y md-y lg-y\" id=\"image_1282288169\">\n\t\t<a class=\"\" href=\"https:\/\/mainoslahde.fi\/en\/references\/suomen-vitamiinikeskus\/\" >\t\t\t\t\t\t<div class=\"img-inner dark\" >\n\t\t\t<img loading=\"lazy\" decoding=\"async\" width=\"774\" height=\"435\" src=\"https:\/\/mainoslahde.fi\/wp-content\/uploads\/referenssi-suomen-vitamiinikeskus.png\" class=\"attachment-large size-large\" alt=\"\" srcset=\"https:\/\/mainoslahde.fi\/wp-content\/uploads\/referenssi-suomen-vitamiinikeskus.png 774w, https:\/\/mainoslahde.fi\/wp-content\/uploads\/referenssi-suomen-vitamiinikeskus-600x337.png 600w\" sizes=\"auto, (max-width: 774px) 100vw, 774px\" \/>\t\t\t\t\t\t\n\t\t\t\t\t<\/div>\n\t\t\t\t\t\t<\/a>\t\t\n<style>\n#image_1282288169 {\n  width: 100%;\n}\n<\/style>\n\t<\/div>\n\t\r\n\r\n\t<div class=\"img has-hover x md-x lg-x y md-y lg-y\" id=\"image_383506819\">\n\t\t<a class=\"\" href=\"https:\/\/mainoslahde.fi\/en\/references\/puhtopojat\/\" >\t\t\t\t\t\t<div class=\"img-inner dark\" >\n\t\t\t<img loading=\"lazy\" decoding=\"async\" width=\"774\" height=\"435\" src=\"https:\/\/mainoslahde.fi\/wp-content\/uploads\/referenssi-puhtopojat.png\" class=\"attachment-large size-large\" alt=\"\" srcset=\"https:\/\/mainoslahde.fi\/wp-content\/uploads\/referenssi-puhtopojat.png 774w, https:\/\/mainoslahde.fi\/wp-content\/uploads\/referenssi-puhtopojat-600x337.png 600w\" sizes=\"auto, (max-width: 774px) 100vw, 774px\" \/>\t\t\t\t\t\t\n\t\t\t\t\t<\/div>\n\t\t\t\t\t\t<\/a>\t\t\n<style>\n#image_383506819 {\n  width: 100%;\n}\n<\/style>\n\t<\/div>\n\t\r\n\r\n\t<div class=\"img has-hover x md-x lg-x y md-y lg-y\" id=\"image_675727211\">\n\t\t<a class=\"\" href=\"https:\/\/mainoslahde.fi\/en\/references\/balance-kuntokeskus\/\" >\t\t\t\t\t\t<div class=\"img-inner dark\" >\n\t\t\t<img loading=\"lazy\" decoding=\"async\" width=\"776\" height=\"435\" src=\"https:\/\/mainoslahde.fi\/wp-content\/uploads\/referenssi-balance-kuntokeskus.png\" class=\"attachment-large size-large\" alt=\"\" srcset=\"https:\/\/mainoslahde.fi\/wp-content\/uploads\/referenssi-balance-kuntokeskus.png 776w, https:\/\/mainoslahde.fi\/wp-content\/uploads\/referenssi-balance-kuntokeskus-600x336.png 600w, https:\/\/mainoslahde.fi\/wp-content\/uploads\/referenssi-balance-kuntokeskus-768x431.png 768w\" sizes=\"auto, (max-width: 776px) 100vw, 776px\" \/>\t\t\t\t\t\t\n\t\t\t\t\t<\/div>\n\t\t\t\t\t\t<\/a>\t\t\n<style>\n#image_675727211 {\n  width: 100%;\n}\n<\/style>\n\t<\/div>\n\t\r\n\r\n\t<div class=\"img has-hover x md-x lg-x y md-y lg-y\" id=\"image_865613002\">\n\t\t<a class=\"\" href=\"https:\/\/mainoslahde.fi\/en\/references\/isannointi-tilitoimisto-kangasniemi\/\" >\t\t\t\t\t\t<div class=\"img-inner dark\" >\n\t\t\t<img loading=\"lazy\" decoding=\"async\" width=\"1024\" height=\"576\" src=\"https:\/\/mainoslahde.fi\/wp-content\/uploads\/referenssi-isannointi-ja-tilitoimisto-kangasniemi.jpg\" class=\"attachment-large size-large\" alt=\"\" srcset=\"https:\/\/mainoslahde.fi\/wp-content\/uploads\/referenssi-isannointi-ja-tilitoimisto-kangasniemi.jpg 1024w, https:\/\/mainoslahde.fi\/wp-content\/uploads\/referenssi-isannointi-ja-tilitoimisto-kangasniemi-600x338.jpg 600w\" sizes=\"auto, (max-width: 1024px) 100vw, 1024px\" \/>\t\t\t\t\t\t\n\t\t\t\t\t<\/div>\n\t\t\t\t\t\t<\/a>\t\t\n<style>\n#image_865613002 {\n  width: 100%;\n}\n<\/style>\n\t<\/div>\n\t\r\n\r\n     <\/div>\n\n     <div class=\"loading-spin dark large centered\"><\/div>\n\n\t\n<style>\n#slider-1851624980 .flickity-slider > * {\n  max-width: 250px!important;\n}\n<\/style>\n<\/div>\n\n\r\n\r\n\t\t<\/div>\n\t\t\t\t\t<\/div>\n\n\t\r\n\r\n<\/div>\n\t<div id=\"gap-1230062868\" class=\"gap-element clearfix\" style=\"display:block; height:auto;\">\n\t\t\n<style>\n#gap-1230062868 {\n  padding-top: 40px;\n}\n@media (min-width:550px) {\n  #gap-1230062868 {\n    padding-top: 60px;\n  }\n}\n@media (min-width:850px) {\n  #gap-1230062868 {\n    padding-top: 80px;\n  }\n}\n<\/style>\n\t<\/div>\n\t\n\n<div class=\"row align-center\"  id=\"row-1365065098\">\n\n\n\t<div id=\"col-224102504\" class=\"col medium-8 small-12 large-8\"  >\n\t\t\t\t<div class=\"col-inner text-center\"  >\n\t\t\t\n\t\t\t\n\n\t<div id=\"text-1996060263\" class=\"text\">\n\t\t\n\n<h3 class=\"uppercase space-x-200\">Interested?<\/h3>\n<p>Contact us and together we will come up with a package that suits your needs.<\/p>\n\t\t\n<style>\n#text-1996060263 {\n  font-size: 1rem;\n  line-height: 1.5;\n}\n<\/style>\n\t<\/div>\n\t\n<a href=\"https:\/\/mainoslahde.fi\/en\/contact-information\/#take-contact\" class=\"button primary is-outline lowercase reveal-icon\" >\n\t\t<span>Take Contact<\/span>\n\t<i class=\"icon-envelop\" aria-hidden=\"true\"><\/i><\/a>\n\n\n\n\t\t<\/div>\n\t\t\t\t\t<\/div>\n\n\t\n\n<\/div>\n<div class=\"row align-center\"  id=\"row-619061801\">\n\n\n\t<div id=\"col-549632957\" class=\"col medium-4 small-12 large-4\"  >\n\t\t\t\t<div class=\"col-inner\"  >\n\t\t\t\n\t\t\t\n\n\t<div class=\"box has-hover   has-hover box-default box-text-bottom\" >\n\n\t\t<div class=\"box-image\" style=\"width:90%;\">\n\t\t\t\t\t\t<div class=\"image-zoom image-color image-cover\" style=\"padding-top:120%;\">\n\t\t\t\t<img loading=\"lazy\" decoding=\"async\" width=\"801\" height=\"852\" src=\"https:\/\/mainoslahde.fi\/wp-content\/uploads\/IMG_6407-scaled-e1713936107919.jpg\" class=\"attachment-original size-original\" alt=\"\" \/>\t\t\t\t\t\t\t\t\t\t\t<\/div>\n\t\t\t\t\t<\/div>\n\n\t\t<div class=\"box-text text-center\" >\n\t\t\t<div class=\"box-text-inner\">\n\t\t\t\t\n\n<h4 class=\"uppercase space-x-200\"><span style=\"color: #000000;\">SAMMY HYYRYL\u00c4INEN<\/span><\/h4>\n<h6><span style=\"font-weight: 600; line-height: 32px; letter-spacing: 1.2px;\">CREATIVE LEADER<\/span><\/h6>\n<p>Tel. <a href=\"tel:044 020 5250\">044 020 5250<\/a><\/p>\n<div class=\"social-icons follow-icons\" style=\"font-size:120%\"><a href=\"mailto:sammy@mainoslahde.fi\" data-label=\"E-mail\" target=\"_blank\" class=\"icon plain tooltip email\" title=\"Send us an email\" aria-label=\"Send us an email\" rel=\"nofollow noopener\"><i class=\"icon-envelop\" aria-hidden=\"true\"><\/i><\/a><\/div>\n\n\n\t\t\t<\/div>\n\t\t<\/div>\n\t<\/div>\n\t\n\n\t\t<\/div>\n\t\t\t\t\t<\/div>\n\n\t\n\n<\/div>\n","protected":false},"excerpt":{"rendered":"","protected":false},"author":1,"featured_media":0,"parent":6176,"menu_order":0,"comment_status":"closed","ping_status":"open","template":"page-blank.php","meta":{"inline_featured_image":false,"footnotes":""},"class_list":["post-6221","page","type-page","status-publish","hentry"],"_links":{"self":[{"href":"https:\/\/mainoslahde.fi\/en\/wp-json\/wp\/v2\/pages\/6221","targetHints":{"allow":["GET"]}}],"collection":[{"href":"https:\/\/mainoslahde.fi\/en\/wp-json\/wp\/v2\/pages"}],"about":[{"href":"https:\/\/mainoslahde.fi\/en\/wp-json\/wp\/v2\/types\/page"}],"author":[{"embeddable":true,"href":"https:\/\/mainoslahde.fi\/en\/wp-json\/wp\/v2\/users\/1"}],"replies":[{"embeddable":true,"href":"https:\/\/mainoslahde.fi\/en\/wp-json\/wp\/v2\/comments?post=6221"}],"version-history":[{"count":0,"href":"https:\/\/mainoslahde.fi\/en\/wp-json\/wp\/v2\/pages\/6221\/revisions"}],"up":[{"embeddable":true,"href":"https:\/\/mainoslahde.fi\/en\/wp-json\/wp\/v2\/pages\/6176"}],"wp:attachment":[{"href":"https:\/\/mainoslahde.fi\/en\/wp-json\/wp\/v2\/media?parent=6221"}],"curies":[{"name":"wp","href":"https:\/\/api.w.org\/{rel}","templated":true}]}}