{"id":6162,"date":"2023-05-17T09:29:29","date_gmt":"2023-05-17T06:29:29","guid":{"rendered":"https:\/\/mystifying-hoover.185-55-84-196.plesk.page\/?page_id=6162"},"modified":"2023-07-14T14:18:28","modified_gmt":"2023-07-14T11:18:28","slug":"financing","status":"publish","type":"page","link":"https:\/\/mainoslahde.fi\/en\/financing\/","title":{"rendered":"Financing"},"content":{"rendered":"\n\t<section class=\"section\" id=\"section_2052440412\">\n\t\t<div class=\"section-bg fill\" >\n\t\t\t<img loading=\"lazy\" decoding=\"async\" width=\"1684\" height=\"715\" src=\"https:\/\/mainoslahde.fi\/wp-content\/uploads\/Tausta.png\" class=\"bg attachment-original size-original\" alt=\"\" \/>\t\t\t\t\t\t\n\t\t\t\n\n\t\t<\/div>\n\n\t\t\n\n\t\t<div class=\"section-content relative\">\n\t\t\t\n\t<div id=\"gap-733946528\" class=\"gap-element clearfix show-for-medium\" style=\"display:block; height:auto;\">\n\t\t\n<style>\n#gap-733946528 {\n  padding-top: 30px;\n}\n<\/style>\n\t<\/div>\n\t\n<div class=\"row row-full-width align-middle align-center\"  id=\"row-443243058\">\n\n\t<div id=\"col-717186562\" class=\"col hero medium-12 small-12 large-6\"  >\n\t\t\t\t<div class=\"col-inner text-left\"  >\n\t\t\t\n\t\t\t\n\t<div id=\"text-126073707\" class=\"text\">\n\t\t\n<h1><span style=\"font-size: 48px; font-weight: 800;\">Do you want to pay all at once or in installments?<\/span><\/h1>\n\t\t\n<style>\n#text-126073707 {\n  text-align: center;\n}\n@media (min-width:850px) {\n  #text-126073707 {\n    text-align: left;\n  }\n}\n<\/style>\n\t<\/div>\n\t\n\t<div id=\"gap-2024027550\" class=\"gap-element clearfix\" style=\"display:block; height:auto;\">\n\t\t\n<style>\n#gap-2024027550 {\n  padding-top: 15px;\n}\n<\/style>\n\t<\/div>\n\t\n\t<div id=\"text-2213754868\" class=\"text\">\n\t\t\n<p><span style=\"font-family: Open Sans; font-size: 20px; font-weight: 400; color: #000000;\">You can apply for credit to pay for your service in our online store. The loan repayment period varies depending on the financing company you choose. You get a credit decision right away and get started quickly, easily and in a way that suits your company.<\/span><\/p>\n\t\t\n<style>\n#text-2213754868 {\n  text-align: center;\n}\n@media (min-width:850px) {\n  #text-2213754868 {\n    text-align: left;\n  }\n}\n<\/style>\n\t<\/div>\n\t\n\t\t<\/div>\n\t\t\t\t\n<style>\n#col-717186562 > .col-inner {\n  max-width: 520px;\n}\n<\/style>\n\t<\/div>\n\n\t\n\n\t<div id=\"col-1813667358\" class=\"col medium-12 small-12 large-6\"  >\n\t\t\t\t<div class=\"col-inner\"  >\n\t\t\t\n\t\t\t\n\t<div class=\"img has-hover x md-x lg-x y md-y lg-y\" id=\"image_39191585\">\n\t\t\t\t\t\t\t\t<div class=\"img-inner dark\" style=\"margin:0px 0px -45px 0px;\">\n\t\t\t<img loading=\"lazy\" decoding=\"async\" width=\"878\" height=\"716\" src=\"https:\/\/mainoslahde.fi\/wp-content\/uploads\/Kuva.png\" class=\"attachment-original size-original\" alt=\"\" srcset=\"https:\/\/mainoslahde.fi\/wp-content\/uploads\/Kuva.png 878w, https:\/\/mainoslahde.fi\/wp-content\/uploads\/Kuva-600x489.png 600w, https:\/\/mainoslahde.fi\/wp-content\/uploads\/Kuva-768x626.png 768w\" sizes=\"auto, (max-width: 878px) 100vw, 878px\" \/>\t\t\t\t\t\t\n\t\t\t\t\t<\/div>\n\t\t\t\t\t\t\t\t\n<style>\n#image_39191585 {\n  width: 100%;\n}\n<\/style>\n\t<\/div>\n\t\n\t\t<\/div>\n\t\t\t\t\t<\/div>\n\n\t\n<\/div>\n\t\t<\/div>\n\n\t\t\n<style>\n#section_2052440412 {\n  padding-top: 0px;\n  padding-bottom: 0px;\n  min-height: 715px;\n}\n#section_2052440412 .section-bg img {\n  object-position: 50% 50%;\n}\n<\/style>\n\t<\/section>\n\t\n\t<div id=\"gap-908318921\" class=\"gap-element clearfix\" style=\"display:block; height:auto;\">\n\t\t\n<style>\n#gap-908318921 {\n  padding-top: 75px;\n}\n<\/style>\n\t<\/div>\n\t\n<div class=\"row row-full-width\"  id=\"row-2094052206\">\n\n\t<div id=\"col-580916281\" class=\"col medium-6 small-12 large-3\"  >\n\t\t\t\t<div class=\"col-inner text-center\"  >\n\t\t\t\n\t\t\t\n\n\t\t<div class=\"icon-box featured-box icon-box-center text-center\"  >\n\t\t\t\t\t<div class=\"icon-box-img\" style=\"width: 85px\">\n\t\t\t\t<div class=\"icon\">\n\t\t\t\t\t<div class=\"icon-inner\" >\n\t\t\t\t\t\t<img loading=\"lazy\" decoding=\"async\" width=\"85\" height=\"85\" src=\"https:\/\/mainoslahde.fi\/wp-content\/uploads\/Icon_1.png\" class=\"attachment-medium size-medium\" alt=\"\" \/>\t\t\t\t\t<\/div>\n\t\t\t\t<\/div>\n\t\t\t<\/div>\n\t\t\t\t<div class=\"icon-box-text last-reset\">\n\t\t\t\t\t\t\t\t\t\n\t<div id=\"text-1841460086\" class=\"text\">\n\t\t\n<h5 class=\"uppercase space-x-200\">AGREE A SERVICE<\/h5>\n<p>We make an offer for the agreed service, which you can easily pay in parts through our online store.<\/p>\n\t\t\n<style>\n#text-1841460086 {\n  text-align: center;\n}\n<\/style>\n\t<\/div>\n\t\n\t\t<\/div>\n\t<\/div>\n\t\n\t\n\t\t<\/div>\n\t\t\t\t\t<\/div>\n\n\t\n\n\t<div id=\"col-1015121738\" class=\"col medium-6 small-12 large-3\"  >\n\t\t\t\t<div class=\"col-inner text-center\"  >\n\t\t\t\n\t\t\t\n\n\t\t<div class=\"icon-box featured-box icon-box-center text-center\"  >\n\t\t\t\t\t<div class=\"icon-box-img\" style=\"width: 85px\">\n\t\t\t\t<div class=\"icon\">\n\t\t\t\t\t<div class=\"icon-inner\" >\n\t\t\t\t\t\t<img loading=\"lazy\" decoding=\"async\" width=\"85\" height=\"85\" src=\"https:\/\/mainoslahde.fi\/wp-content\/uploads\/Icon_2.png\" class=\"attachment-medium size-medium\" alt=\"\" \/>\t\t\t\t\t<\/div>\n\t\t\t\t<\/div>\n\t\t\t<\/div>\n\t\t\t\t<div class=\"icon-box-text last-reset\">\n\t\t\t\t\t\t\t\t\t\n\t<div id=\"text-2046759310\" class=\"text\">\n\t\t\n<h5 class=\"uppercase space-x-200\">CHOOSE PAYMENT METHOD<\/h5>\n<p>Through partial payment, we recommend paying the entire amount at once. With your personal ID, you can apply for Walley or Joustoraha financing. For companies, we offer Alisa Company Invoice, where you get a payment period of 14, 30 or 60 days.<\/p>\n\t\t\n<style>\n#text-2046759310 {\n  text-align: center;\n}\n<\/style>\n\t<\/div>\n\t\n\t\t<\/div>\n\t<\/div>\n\t\n\t\n\t\t<\/div>\n\t\t\t\t\t<\/div>\n\n\t\n\n\t<div id=\"col-123717399\" class=\"col medium-6 small-12 large-3\"  >\n\t\t\t\t<div class=\"col-inner text-center\"  >\n\t\t\t\n\t\t\t\n\n\t\t<div class=\"icon-box featured-box icon-box-center text-center\"  >\n\t\t\t\t\t<div class=\"icon-box-img\" style=\"width: 85px\">\n\t\t\t\t<div class=\"icon\">\n\t\t\t\t\t<div class=\"icon-inner\" >\n\t\t\t\t\t\t<img loading=\"lazy\" decoding=\"async\" width=\"85\" height=\"85\" src=\"https:\/\/mainoslahde.fi\/wp-content\/uploads\/Icon_3.png\" class=\"attachment-medium size-medium\" alt=\"\" \/>\t\t\t\t\t<\/div>\n\t\t\t\t<\/div>\n\t\t\t<\/div>\n\t\t\t\t<div class=\"icon-box-text last-reset\">\n\t\t\t\t\t\t\t\t\t\n\t<div id=\"text-1940664630\" class=\"text\">\n\t\t\n<h5 class=\"uppercase space-x-200\">APPLY FOR FINANCING<\/h5>\n<p>Fill in your information at the online store&#8217;s checkout and choose a financing method. As the amount, put the price of the service agreed according to the separate offer. You will receive a credit decision immediately. If the credit application was not approved, you should try another credit option in our online store.<\/p>\n\t\t\n<style>\n#text-1940664630 {\n  text-align: center;\n}\n<\/style>\n\t<\/div>\n\t\n\t\t<\/div>\n\t<\/div>\n\t\n\t\n\t\t<\/div>\n\t\t\t\t\t<\/div>\n\n\t\n\n\t<div id=\"col-835732746\" class=\"col medium-6 small-12 large-3\"  >\n\t\t\t\t<div class=\"col-inner text-center\"  >\n\t\t\t\n\t\t\t\n\n\t\t<div class=\"icon-box featured-box icon-box-center text-center\"  >\n\t\t\t\t\t<div class=\"icon-box-img\" style=\"width: 85px\">\n\t\t\t\t<div class=\"icon\">\n\t\t\t\t\t<div class=\"icon-inner\" >\n\t\t\t\t\t\t<img loading=\"lazy\" decoding=\"async\" width=\"85\" height=\"85\" src=\"https:\/\/mainoslahde.fi\/wp-content\/uploads\/Icon_4.png\" class=\"attachment-medium size-medium\" alt=\"\" \/>\t\t\t\t\t<\/div>\n\t\t\t\t<\/div>\n\t\t\t<\/div>\n\t\t\t\t<div class=\"icon-box-text last-reset\">\n\t\t\t\t\t\t\t\t\t\n\t<div id=\"text-547504353\" class=\"text\">\n\t\t\n<h5 class=\"uppercase space-x-200\">YOU WILL GET A CREDIT DECISION<\/h5>\n<p>After the approved credit decision, we can start producing the service according to the offer.<\/p>\n\t\t\n<style>\n#text-547504353 {\n  text-align: center;\n}\n<\/style>\n\t<\/div>\n\t\n\t\t<\/div>\n\t<\/div>\n\t\n\t\n\t\t<\/div>\n\t\t\t\t\t<\/div>\n\n\t\n\n<style>\n#row-2094052206 > .col > .col-inner {\n  padding: 0px 45px 0px 45px;\n}\n<\/style>\n<\/div>\n\t<div id=\"gap-191993829\" class=\"gap-element clearfix\" style=\"display:block; height:auto;\">\n\t\t\n<style>\n#gap-191993829 {\n  padding-top: 60px;\n}\n<\/style>\n\t<\/div>\n\t\n\t<div id=\"text-2925700381\" class=\"text\">\n\t\t\n<h1 class=\"uppercase space-x-200\">SERVICE PACKAGES<\/h1>\n\t\t\n<style>\n#text-2925700381 {\n  text-align: center;\n}\n<\/style>\n\t<\/div>\n\t\n\t<div id=\"gap-1584972835\" class=\"gap-element clearfix\" style=\"display:block; height:auto;\">\n\t\t\n<style>\n#gap-1584972835 {\n  padding-top: 30px;\n}\n<\/style>\n\t<\/div>\n\t\n<div class=\"row align-center\"  id=\"row-1994310375\">\n\n\t<div id=\"col-601736182\" class=\"col medium-4 small-12 large-4\"  >\n\t\t\t\t<div class=\"col-inner text-center\"  >\n\t\t\t\n\t\t\t\n\t<div class=\"img has-hover x md-x lg-x y md-y lg-y\" id=\"image_1208649943\">\n\t\t\t\t\t\t\t\t<div class=\"img-inner dark\" >\n\t\t\t<img loading=\"lazy\" decoding=\"async\" width=\"1000\" height=\"1000\" src=\"https:\/\/mainoslahde.fi\/wp-content\/uploads\/palvelupaketit_verkkopalvelu.jpg\" class=\"attachment-original size-original\" alt=\"\" srcset=\"https:\/\/mainoslahde.fi\/wp-content\/uploads\/palvelupaketit_verkkopalvelu.jpg 1000w, https:\/\/mainoslahde.fi\/wp-content\/uploads\/palvelupaketit_verkkopalvelu-300x300.jpg 300w, https:\/\/mainoslahde.fi\/wp-content\/uploads\/palvelupaketit_verkkopalvelu-100x100.jpg 100w, https:\/\/mainoslahde.fi\/wp-content\/uploads\/palvelupaketit_verkkopalvelu-600x600.jpg 600w\" sizes=\"auto, (max-width: 1000px) 100vw, 1000px\" \/>\t\t\t\t\t\t\n\t\t\t\t\t<\/div>\n\t\t\t\t\t\t\t\t\n<style>\n#image_1208649943 {\n  width: 100%;\n}\n<\/style>\n\t<\/div>\n\t\n\t<div id=\"gap-1547085822\" class=\"gap-element clearfix\" style=\"display:block; height:auto;\">\n\t\t\n<style>\n#gap-1547085822 {\n  padding-top: 15px;\n}\n<\/style>\n\t<\/div>\n\t\n\t<div id=\"text-1480048236\" class=\"text\">\n\t\t\n<h5 class=\"uppercase space-x-200\">WEBPAGE SERVICE<\/h5>\n\t\t\n<style>\n#text-1480048236 {\n  text-align: center;\n}\n<\/style>\n\t<\/div>\n\t\n\t<div id=\"gap-34602113\" class=\"gap-element clearfix\" style=\"display:block; height:auto;\">\n\t\t\n<style>\n#gap-34602113 {\n  padding-top: 15px;\n}\n<\/style>\n\t<\/div>\n\t\n<form action=\"https:\/\/mainoslahde.fi\/en\/wp-json\/ws-form\/v1\/submit\" class=\"wsf-form wsf-form-canvas\" id=\"ws-form-1\" data-id=\"3\" data-instance-id=\"1\" method=\"POST\"><\/form>\n\t\t<\/div>\n\t\t\t\t\t<\/div>\n\n\t\n\n\t<div id=\"col-108723739\" class=\"col medium-4 small-12 large-4\"  >\n\t\t\t\t<div class=\"col-inner text-center\"  >\n\t\t\t\n\t\t\t\n\t<div class=\"img has-hover x md-x lg-x y md-y lg-y\" id=\"image_453447039\">\n\t\t\t\t\t\t\t\t<div class=\"img-inner dark\" >\n\t\t\t<img loading=\"lazy\" decoding=\"async\" width=\"1000\" height=\"1000\" src=\"https:\/\/mainoslahde.fi\/wp-content\/uploads\/palvelupaketit_tuotantopalvelu.jpg\" class=\"attachment-original size-original\" alt=\"\" srcset=\"https:\/\/mainoslahde.fi\/wp-content\/uploads\/palvelupaketit_tuotantopalvelu.jpg 1000w, https:\/\/mainoslahde.fi\/wp-content\/uploads\/palvelupaketit_tuotantopalvelu-300x300.jpg 300w, https:\/\/mainoslahde.fi\/wp-content\/uploads\/palvelupaketit_tuotantopalvelu-100x100.jpg 100w, https:\/\/mainoslahde.fi\/wp-content\/uploads\/palvelupaketit_tuotantopalvelu-600x600.jpg 600w\" sizes=\"auto, (max-width: 1000px) 100vw, 1000px\" \/>\t\t\t\t\t\t\n\t\t\t\t\t<\/div>\n\t\t\t\t\t\t\t\t\n<style>\n#image_453447039 {\n  width: 100%;\n}\n<\/style>\n\t<\/div>\n\t\n\t<div id=\"gap-1052253014\" class=\"gap-element clearfix\" style=\"display:block; height:auto;\">\n\t\t\n<style>\n#gap-1052253014 {\n  padding-top: 15px;\n}\n<\/style>\n\t<\/div>\n\t\n\t<div id=\"text-2984789558\" class=\"text\">\n\t\t\n<h5 class=\"uppercase space-x-200\">PRODUCTION SERVICE<\/h5>\n\t\t\n<style>\n#text-2984789558 {\n  text-align: center;\n}\n<\/style>\n\t<\/div>\n\t\n\t<div id=\"gap-1976905758\" class=\"gap-element clearfix\" style=\"display:block; height:auto;\">\n\t\t\n<style>\n#gap-1976905758 {\n  padding-top: 15px;\n}\n<\/style>\n\t<\/div>\n\t\n<form action=\"https:\/\/mainoslahde.fi\/en\/wp-json\/ws-form\/v1\/submit\" class=\"wsf-form wsf-form-canvas\" id=\"ws-form-2\" data-id=\"4\" data-instance-id=\"2\" method=\"POST\"><\/form>\n\t\t<\/div>\n\t\t\t\t\t<\/div>\n\n\t\n<\/div>\n\t<div id=\"gap-1814903266\" class=\"gap-element clearfix\" style=\"display:block; height:auto;\">\n\t\t\n<style>\n#gap-1814903266 {\n  padding-top: 40px;\n}\n@media (min-width:550px) {\n  #gap-1814903266 {\n    padding-top: 60px;\n  }\n}\n@media (min-width:850px) {\n  #gap-1814903266 {\n    padding-top: 80px;\n  }\n}\n<\/style>\n\t<\/div>\n\t\r\n\r\n<div class=\"row align-center\"  id=\"row-2015246912\">\r\n\r\n\n\t<div id=\"col-1419181799\" class=\"col medium-8 small-12 large-8\"  >\n\t\t\t\t<div class=\"col-inner text-center\"  >\n\t\t\t\n\t\t\t\r\n\r\n\t<div id=\"text-2434315390\" class=\"text\">\n\t\t\r\n<h3 class=\"uppercase space-x-200\">KiinNostuitko?<\/h3>\r\nOta yhteytt\u00e4 niin kerron lis\u00e4\u00e4 digitaalisista palveluistamme.\r\n\r\n\t\t\n<style>\n#text-2434315390 {\n  font-size: 1rem;\n  line-height: 1.5;\n}\n<\/style>\n\t<\/div>\n\t\r\n<a href=\"https:\/\/mainoslahde.fi\/yhteystiedot\/#ota-yhteytta\" class=\"button primary is-outline lowercase reveal-icon\" >\n\t\t<span>Ota yhteytt\u00e4<\/span>\n\t<i class=\"icon-envelop\" aria-hidden=\"true\"><\/i><\/a>\n\r\n\r\n\t\t<\/div>\n\t\t\t\t\n<style>\n#col-1419181799 > .col-inner {\n  padding: 0px 0px 20px 0px;\n}\n<\/style>\n\t<\/div>\n\n\t\r\n\r\n<\/div>\r\n<div class=\"row align-center\"  id=\"row-1593277029\">\r\n\r\n\r\n\r\n<\/div>\n","protected":false},"excerpt":{"rendered":"","protected":false},"author":1,"featured_media":0,"parent":0,"menu_order":0,"comment_status":"closed","ping_status":"open","template":"page-blank.php","meta":{"inline_featured_image":false,"footnotes":""},"class_list":["post-6162","page","type-page","status-publish","hentry"],"_links":{"self":[{"href":"https:\/\/mainoslahde.fi\/en\/wp-json\/wp\/v2\/pages\/6162","targetHints":{"allow":["GET"]}}],"collection":[{"href":"https:\/\/mainoslahde.fi\/en\/wp-json\/wp\/v2\/pages"}],"about":[{"href":"https:\/\/mainoslahde.fi\/en\/wp-json\/wp\/v2\/types\/page"}],"author":[{"embeddable":true,"href":"https:\/\/mainoslahde.fi\/en\/wp-json\/wp\/v2\/users\/1"}],"replies":[{"embeddable":true,"href":"https:\/\/mainoslahde.fi\/en\/wp-json\/wp\/v2\/comments?post=6162"}],"version-history":[{"count":0,"href":"https:\/\/mainoslahde.fi\/en\/wp-json\/wp\/v2\/pages\/6162\/revisions"}],"wp:attachment":[{"href":"https:\/\/mainoslahde.fi\/en\/wp-json\/wp\/v2\/media?parent=6162"}],"curies":[{"name":"wp","href":"https:\/\/api.w.org\/{rel}","templated":true}]}}